{"id":899,"date":"2022-12-01T12:39:45","date_gmt":"2022-12-01T12:39:45","guid":{"rendered":"https:\/\/www.chataremedy.cz\/?page_id=899"},"modified":"2023-01-02T20:18:13","modified_gmt":"2023-01-02T20:18:13","slug":"dokumenty","status":"publish","type":"page","link":"https:\/\/www.chataremedy.cz\/?page_id=899","title":{"rendered":"Dokumenty"},"content":{"rendered":"<div id='welcome'  class='av-layout-grid-container av-1uwpnn-7980981855126a9c30ec199645825937 entry-content-wrapper main_color av-fixed-cells  avia-builder-el-0  el_before_av_layout_row  avia-builder-el-first   container_wrap sidebar_right'  >\n\n<style type=\"text\/css\" data-created_by=\"avia_inline_auto\" id=\"style-css-av-1oxjij-10a2a7fccd582842481219368f7b9d1d\">\n.flex_cell.av-1oxjij-10a2a7fccd582842481219368f7b9d1d{\nvertical-align:top;\nheight:15px;\nmin-height:15px;\npadding:0px 0px 0px 0px;\nbackground-color:#11202a;\n}\n<\/style>\n<div class='flex_cell av-1oxjij-10a2a7fccd582842481219368f7b9d1d av-gridrow-cell av_one_fourth no_margin  avia-builder-el-1  el_before_av_cell_one_fourth  avia-builder-el-first  av-zero-padding' ><div class='flex_cell_inner'><\/div><\/div>\n<style type=\"text\/css\" data-created_by=\"avia_inline_auto\" id=\"style-css-av-1n83bn-d466670f6c53a6726a911ca82e20ef54\">\n.flex_cell.av-1n83bn-d466670f6c53a6726a911ca82e20ef54{\nvertical-align:top;\nheight:15px;\nmin-height:15px;\npadding:0px 0px 0px 0px;\nbackground-color:#55606e;\n}\n<\/style>\n<div class='flex_cell av-1n83bn-d466670f6c53a6726a911ca82e20ef54 av-gridrow-cell av_one_fourth no_margin  avia-builder-el-2  el_after_av_cell_one_fourth  el_before_av_cell_one_fourth  av-zero-padding' ><div class='flex_cell_inner'><\/div><\/div>\n<style type=\"text\/css\" data-created_by=\"avia_inline_auto\" id=\"style-css-av-1hfacj-7923b06817a99f3cf5dfbac56ef0e2f0\">\n.flex_cell.av-1hfacj-7923b06817a99f3cf5dfbac56ef0e2f0{\nvertical-align:top;\nheight:15px;\nmin-height:15px;\npadding:0px 0px 0px 0px;\nbackground-color:#889095;\n}\n<\/style>\n<div class='flex_cell av-1hfacj-7923b06817a99f3cf5dfbac56ef0e2f0 av-gridrow-cell av_one_fourth no_margin  avia-builder-el-3  el_after_av_cell_one_fourth  el_before_av_cell_one_fourth  av-zero-padding' ><div class='flex_cell_inner'><\/div><\/div>\n<style type=\"text\/css\" data-created_by=\"avia_inline_auto\" id=\"style-css-av-17o223-19ab1cd86c6dd80ddcfd1169d46d221d\">\n.flex_cell.av-17o223-19ab1cd86c6dd80ddcfd1169d46d221d{\nvertical-align:top;\nheight:15px;\nmin-height:15px;\npadding:0px 0px 0px 0px;\nbackground-color:#a7abb1;\n}\n<\/style>\n<div class='flex_cell av-17o223-19ab1cd86c6dd80ddcfd1169d46d221d av-gridrow-cell av_one_fourth no_margin  avia-builder-el-4  el_after_av_cell_one_fourth  avia-builder-el-last  av-zero-padding' ><div class='flex_cell_inner'><\/div><\/div>\n<\/div>\n<div id='av-layout-grid-2'  class='av-layout-grid-container av-144f5f-830817ba0d3db299b30896d2a4adc589 entry-content-wrapper main_color av-flex-cells  avia-builder-el-5  el_after_av_layout_row  avia-builder-el-last  grid-row-not-first  container_wrap sidebar_right'  >\n\n<style type=\"text\/css\" data-created_by=\"avia_inline_auto\" id=\"style-css-av-ywrqz-a72e99a4b5a6ade4a325850f9cd2ff0b\">\n.flex_cell.av-ywrqz-a72e99a4b5a6ade4a325850f9cd2ff0b{\nvertical-align:middle;\npadding:100px 100px 100px 100px;\n}\n<\/style>\n<div class='flex_cell av-ywrqz-a72e99a4b5a6ade4a325850f9cd2ff0b av-gridrow-cell av_one_full no_margin  avia-builder-el-6  avia-builder-el-no-sibling  avia-full-stretch' ><div class='flex_cell_inner'><p>\n<style type=\"text\/css\" data-created_by=\"avia_inline_auto\" id=\"style-css-av-lcf6pjgi-7c8acd11f634b06e3584ef4e2499c340\">\n#top .av-special-heading.av-lcf6pjgi-7c8acd11f634b06e3584ef4e2499c340{\npadding-bottom:20px;\nfont-size:37px;\n}\nbody .av-special-heading.av-lcf6pjgi-7c8acd11f634b06e3584ef4e2499c340 .av-special-heading-tag .heading-char{\nfont-size:25px;\n}\n#top #wrap_all .av-special-heading.av-lcf6pjgi-7c8acd11f634b06e3584ef4e2499c340 .av-special-heading-tag{\nfont-size:37px;\n}\n.av-special-heading.av-lcf6pjgi-7c8acd11f634b06e3584ef4e2499c340 .av-subheading{\nfont-size:15px;\n}\n<\/style>\n<div  class='av-special-heading av-lcf6pjgi-7c8acd11f634b06e3584ef4e2499c340 av-special-heading-h1 blockquote modern-quote  avia-builder-el-7  el_before_av_one_full  avia-builder-el-first  av-inherit-size'><h1 class='av-special-heading-tag'  itemprop=\"headline\"  ><u>Dokumenty<\/u><\/h1><div class=\"special-heading-border\"><div class=\"special-heading-inner-border\"><\/div><\/div><\/div><br \/>\n<div class='flex_column av-rsn2j-5c6fe125f50bb5ac90a299fadd400e2c av_one_full  avia-builder-el-8  el_after_av_heading  el_before_av_one_full  first flex_column_div '     ><p><div  class='avia-button-wrap av-lcf6x6kw-9a12e5baf4eb5b179d3fcefe37a054c1-wrap avia-button-left  avia-builder-el-9  el_before_av_hr  avia-builder-el-first ' >\n<style type=\"text\/css\" data-created_by=\"avia_inline_auto\" id=\"style-css-av-lcf6x6kw-9a12e5baf4eb5b179d3fcefe37a054c1\">\n#top #wrap_all .avia-button.av-lcf6x6kw-9a12e5baf4eb5b179d3fcefe37a054c1{\n-webkit-border-radius:5px 5px 5px 5px;\n-moz-border-radius:5px 5px 5px 5px;\nborder-radius:5px 5px 5px 5px;\n-webkit-transition:all 0.4s ease-in-out;\n-moz-transition:all 0.4s ease-in-out;\n-ms-transition:all 0.4s ease-in-out;\n-o-transition:all 0.4s ease-in-out;\ntransition:all 0.4s ease-in-out;\n}\n#top #wrap_all.avia-button.av-lcf6x6kw-9a12e5baf4eb5b179d3fcefe37a054c1:hover .avia_button_background{\n-webkit-border-radius:5px 5px 5px 5px;\n-moz-border-radius:5px 5px 5px 5px;\nborder-radius:5px 5px 5px 5px;\n}\n<\/style>\n<a href='http:\/\/www.chataremedy.cz\/wp-content\/uploads\/2023\/01\/smlouva-remedy-ubytovani-2023.pdf'  class='avia-button av-lcf6x6kw-9a12e5baf4eb5b179d3fcefe37a054c1 avia-icon_select-yes-left-icon avia-size-medium avia-position-left avia-color-theme-color'  target=\"_blank\"  rel=\"noopener noreferrer\"><span class='avia_button_icon avia_button_icon_left' aria-hidden='true' data-av_icon='\ue875' data-av_iconfont='entypo-fontello'><\/span><span class='avia_iconbox_title' >Smlouva o ubytov\u00e1n\u00ed, Ubytovac\u00ed \u0159\u00e1d a podm\u00ednky ubytov\u00e1n\u00ed a Bezpe\u010dnostn\u00ed pokyny a podm\u00ednky u\u017e\u00edv\u00e1n\u00ed chaty Remedy<\/span><\/a><\/div><br \/>\n\n<style type=\"text\/css\" data-created_by=\"avia_inline_auto\" id=\"style-css-av-lcf787d0-4284d077e23b3600f26ab6ec8e71ec1d\">\n#top .hr.hr-invisible.av-lcf787d0-4284d077e23b3600f26ab6ec8e71ec1d{\nheight:1px;\n}\n<\/style>\n<div  class='hr av-lcf787d0-4284d077e23b3600f26ab6ec8e71ec1d hr-invisible  avia-builder-el-10  el_after_av_button  el_before_av_button '><span class='hr-inner '><span class=\"hr-inner-style\"><\/span><\/span><\/div><br \/>\n<div  class='avia-button-wrap av-lcf6zyio-a5a4f2c63ab2400d64e12e81034427fa-wrap avia-button-left  avia-builder-el-11  el_after_av_hr  el_before_av_hr ' >\n<style type=\"text\/css\" data-created_by=\"avia_inline_auto\" id=\"style-css-av-lcf6zyio-a5a4f2c63ab2400d64e12e81034427fa\">\n#top #wrap_all .avia-button.av-lcf6zyio-a5a4f2c63ab2400d64e12e81034427fa{\n-webkit-border-radius:5px 5px 5px 5px;\n-moz-border-radius:5px 5px 5px 5px;\nborder-radius:5px 5px 5px 5px;\n-webkit-transition:all 0.4s ease-in-out;\n-moz-transition:all 0.4s ease-in-out;\n-ms-transition:all 0.4s ease-in-out;\n-o-transition:all 0.4s ease-in-out;\ntransition:all 0.4s ease-in-out;\n}\n#top #wrap_all.avia-button.av-lcf6zyio-a5a4f2c63ab2400d64e12e81034427fa:hover .avia_button_background{\n-webkit-border-radius:5px 5px 5px 5px;\n-moz-border-radius:5px 5px 5px 5px;\nborder-radius:5px 5px 5px 5px;\n}\n<\/style>\n<a href='http:\/\/www.chataremedy.cz\/wp-content\/uploads\/2023\/01\/gdpr-remedy.pdf'  class='avia-button av-lcf6zyio-a5a4f2c63ab2400d64e12e81034427fa avia-icon_select-yes-left-icon avia-size-medium avia-position-left avia-color-theme-color'  target=\"_blank\"  rel=\"noopener noreferrer\"><span class='avia_button_icon avia_button_icon_left' aria-hidden='true' data-av_icon='\ue875' data-av_iconfont='entypo-fontello'><\/span><span class='avia_iconbox_title' >Informace o zpracov\u00e1n\u00ed osobn\u00edch \u00fadaj\u016f<\/span><\/a><\/div><br \/>\n\n<style type=\"text\/css\" data-created_by=\"avia_inline_auto\" id=\"style-css-av-28z1n-7c4d1abca2e6ae43eff3c520ce429c05\">\n#top .hr.hr-invisible.av-28z1n-7c4d1abca2e6ae43eff3c520ce429c05{\nheight:1px;\n}\n<\/style>\n<div  class='hr av-28z1n-7c4d1abca2e6ae43eff3c520ce429c05 hr-invisible  avia-builder-el-12  el_after_av_button  el_before_av_button '><span class='hr-inner '><span class=\"hr-inner-style\"><\/span><\/span><\/div><br \/>\n<div  class='avia-button-wrap av-lcf70n17-412b0ed52611d4a401b2822f5de47928-wrap avia-button-left  avia-builder-el-13  el_after_av_hr  avia-builder-el-last ' >\n<style type=\"text\/css\" data-created_by=\"avia_inline_auto\" id=\"style-css-av-lcf70n17-412b0ed52611d4a401b2822f5de47928\">\n#top #wrap_all .avia-button.av-lcf70n17-412b0ed52611d4a401b2822f5de47928{\n-webkit-border-radius:5px 5px 5px 5px;\n-moz-border-radius:5px 5px 5px 5px;\nborder-radius:5px 5px 5px 5px;\n-webkit-transition:all 0.4s ease-in-out;\n-moz-transition:all 0.4s ease-in-out;\n-ms-transition:all 0.4s ease-in-out;\n-o-transition:all 0.4s ease-in-out;\ntransition:all 0.4s ease-in-out;\n}\n#top #wrap_all.avia-button.av-lcf70n17-412b0ed52611d4a401b2822f5de47928:hover .avia_button_background{\n-webkit-border-radius:5px 5px 5px 5px;\n-moz-border-radius:5px 5px 5px 5px;\nborder-radius:5px 5px 5px 5px;\n}\n<\/style>\n<a href='http:\/\/www.chataremedy.cz\/wp-content\/uploads\/2023\/01\/sauna-remedy.pdf'  class='avia-button av-lcf70n17-412b0ed52611d4a401b2822f5de47928 avia-icon_select-yes-left-icon avia-size-medium avia-position-left avia-color-theme-color'  target=\"_blank\"  rel=\"noopener noreferrer\"><span class='avia_button_icon avia_button_icon_left' aria-hidden='true' data-av_icon='\ue875' data-av_iconfont='entypo-fontello'><\/span><span class='avia_iconbox_title' >Provozn\u00ed \u0159\u00e1d Sauny<\/span><\/a><\/div><\/p><\/div><div class='flex_column av-efrcb-b6595f25797e7305a5271d34bfc1b32f av_one_full  avia-builder-el-14  el_after_av_one_full  el_before_av_one_full  first flex_column_div column-top-margin'     ><\/div><div class='flex_column av-8hm8j-a6ec72949ebc1d074c6b234f0e1dd7ed av_one_full  avia-builder-el-15  el_after_av_one_full  avia-builder-el-last  first flex_column_div column-top-margin'     ><\/div><\/p>\n<\/div><\/div><\/div>\n","protected":false},"excerpt":{"rendered":"","protected":false},"author":1,"featured_media":0,"parent":0,"menu_order":0,"comment_status":"closed","ping_status":"closed","template":"","meta":{"footnotes":""},"class_list":["post-899","page","type-page","status-publish","hentry"],"_links":{"self":[{"href":"https:\/\/www.chataremedy.cz\/index.php?rest_route=\/wp\/v2\/pages\/899","targetHints":{"allow":["GET"]}}],"collection":[{"href":"https:\/\/www.chataremedy.cz\/index.php?rest_route=\/wp\/v2\/pages"}],"about":[{"href":"https:\/\/www.chataremedy.cz\/index.php?rest_route=\/wp\/v2\/types\/page"}],"author":[{"embeddable":true,"href":"https:\/\/www.chataremedy.cz\/index.php?rest_route=\/wp\/v2\/users\/1"}],"replies":[{"embeddable":true,"href":"https:\/\/www.chataremedy.cz\/index.php?rest_route=%2Fwp%2Fv2%2Fcomments&post=899"}],"version-history":[{"count":16,"href":"https:\/\/www.chataremedy.cz\/index.php?rest_route=\/wp\/v2\/pages\/899\/revisions"}],"predecessor-version":[{"id":1001,"href":"https:\/\/www.chataremedy.cz\/index.php?rest_route=\/wp\/v2\/pages\/899\/revisions\/1001"}],"wp:attachment":[{"href":"https:\/\/www.chataremedy.cz\/index.php?rest_route=%2Fwp%2Fv2%2Fmedia&parent=899"}],"curies":[{"name":"wp","href":"https:\/\/api.w.org\/{rel}","templated":true}]}}