{"id":660,"date":"2022-10-18T08:03:27","date_gmt":"2022-10-18T08:03:27","guid":{"rendered":"https:\/\/www.chataremedy.cz\/?page_id=660"},"modified":"2023-09-06T10:17:34","modified_gmt":"2023-09-06T10:17:34","slug":"rezervace","status":"publish","type":"page","link":"https:\/\/www.chataremedy.cz\/?page_id=660","title":{"rendered":"Rezervace"},"content":{"rendered":"<div id='hello'  class='av-layout-grid-container av-2efjxw-e933d08412dae46ea3bb1c8aa06d01ed entry-content-wrapper main_color av-flex-cells  avia-builder-el-0  el_before_av_one_half  avia-builder-el-first   container_wrap sidebar_right'  >\n\n<style type=\"text\/css\" data-created_by=\"avia_inline_auto\" id=\"style-css-av-28jn30-4cbf9cdb063340ea7641a9c548356d8b\">\n.flex_cell.av-28jn30-4cbf9cdb063340ea7641a9c548356d8b{\nvertical-align:top;\npadding:100px 100px 100px 100px;\n}\n<\/style>\n<div class='flex_cell av-28jn30-4cbf9cdb063340ea7641a9c548356d8b av-gridrow-cell av_two_fifth no_margin  avia-builder-el-1  el_before_av_cell_three_fifth  avia-builder-el-first ' ><div class='flex_cell_inner'><p>\n<style type=\"text\/css\" data-created_by=\"avia_inline_auto\" id=\"style-css-av-7kh5g-b46e1ef1729d830c1b9a4724e98a2caf\">\n#top .av-special-heading.av-7kh5g-b46e1ef1729d830c1b9a4724e98a2caf{\npadding-bottom:10px;\nfont-size:50px;\n}\nbody .av-special-heading.av-7kh5g-b46e1ef1729d830c1b9a4724e98a2caf .av-special-heading-tag .heading-char{\nfont-size:25px;\n}\n#top #wrap_all .av-special-heading.av-7kh5g-b46e1ef1729d830c1b9a4724e98a2caf .av-special-heading-tag{\nfont-size:50px;\n}\n.av-special-heading.av-7kh5g-b46e1ef1729d830c1b9a4724e98a2caf .av-subheading{\nfont-size:15px;\n}\n<\/style>\n<div  class='av-special-heading av-7kh5g-b46e1ef1729d830c1b9a4724e98a2caf av-special-heading-h1 blockquote modern-quote  avia-builder-el-2  el_before_av_textblock  avia-builder-el-first  av-inherit-size'><h1 class='av-special-heading-tag'  itemprop=\"headline\"  ><u>Rezervace<\/u><\/h1><div class=\"special-heading-border\"><div class=\"special-heading-inner-border\"><\/div><\/div><\/div><br \/>\n<section  class='av_textblock_section av-1xuqlo-2694a16894e052c4f7bcf3f85f9e4763'  itemscope=\"itemscope\" itemtype=\"https:\/\/schema.org\/CreativeWork\" ><div class='avia_textblock'  itemprop=\"text\" ><p>Po odesl\u00e1n\u00ed V\u00e1m p\u0159ijde mail s potvrzen\u00edm rezervace.<\/p>\n<p>Po\u010dty d\u011bt\u00ed a dosp\u011bl\u00fdch kombinujte dle pot\u0159eby. Celkov\u00fd po\u010det postel\u00ed pro dosp\u011bl\u00e9 a d\u011bti je max. 10. Pevn\u00fdch l\u016f\u017eek je v chat\u011b 9. Pokud si nejste jisti, \u017ee se k n\u00e1m vejdete, po\u0161lete dotaz a najdeme \u0159e\u0161en\u00ed.<\/p>\n<p>Sauna za p\u0159\u00edplatek dle<a href=\"https:\/\/www.chataremedy.cz\/?page_id=253#sauna\"> cen\u00edku<\/a>.<\/p>\n<p><a href=\"https:\/\/www.chataremedy.cz\/?page_id=253#sauna\"><strong>Rezervace v hlavn\u00ed sez\u00f3n\u011b p\u0159ij\u00edm\u00e1me na t\u00fddenn\u00ed pobyt, v\u00edce v sekci Cen\u00edk.<\/strong><\/a><\/p>\n<\/div><\/section><br \/>\n\n<style type=\"text\/css\" data-created_by=\"avia_inline_auto\" id=\"style-css-av-lb9rlzf3-dc1a7766d0fce99aaddc8772000f79b6\">\n#top .av-special-heading.av-lb9rlzf3-dc1a7766d0fce99aaddc8772000f79b6{\npadding-bottom:30px;\nfont-size:50px;\n}\nbody .av-special-heading.av-lb9rlzf3-dc1a7766d0fce99aaddc8772000f79b6 .av-special-heading-tag .heading-char{\nfont-size:25px;\n}\n#top #wrap_all .av-special-heading.av-lb9rlzf3-dc1a7766d0fce99aaddc8772000f79b6 .av-special-heading-tag{\nfont-size:50px;\n}\n.av-special-heading.av-lb9rlzf3-dc1a7766d0fce99aaddc8772000f79b6 .av-subheading{\nfont-size:15px;\n}\n<\/style>\n<div  class='av-special-heading av-lb9rlzf3-dc1a7766d0fce99aaddc8772000f79b6 av-special-heading-h1 blockquote modern-quote  avia-builder-el-4  el_after_av_textblock  el_before_av_codeblock  av-inherit-size'><h1 class='av-special-heading-tag'  itemprop=\"headline\"  ><u>Kalend\u00e1\u0159 obsazenosti<\/u><\/h1><div class=\"special-heading-border\"><div class=\"special-heading-inner-border\"><\/div><\/div><\/div><br \/>\n<\/p>\n<\/div><\/div>\n<style type=\"text\/css\" data-created_by=\"avia_inline_auto\" id=\"style-css-av-1fyj8s-752c90f71948bb65ea75c9838dcab226\">\n.flex_cell.av-1fyj8s-752c90f71948bb65ea75c9838dcab226{\nvertical-align:top;\npadding:50px 50px 50px 50px;\nbackground-color:#11202a;\n}\n<\/style>\n<div class='flex_cell av-1fyj8s-752c90f71948bb65ea75c9838dcab226 av-gridrow-cell av_three_fifth no_margin  avia-builder-el-6  el_after_av_cell_two_fifth  avia-builder-el-last  avia-full-stretch' ><div class='flex_cell_inner'>\n<style type=\"text\/css\" data-created_by=\"avia_inline_auto\" id=\"style-css-av-188xf0-e9704c172a92bfd2acab07169404c440\">\n.flex_column.av-188xf0-e9704c172a92bfd2acab07169404c440{\n-webkit-border-radius:0px 0px 0px 0px;\n-moz-border-radius:0px 0px 0px 0px;\nborder-radius:0px 0px 0px 0px;\npadding:50px 50px 50px 50px;\nbackground-color:#ffffff;\n}\n<\/style>\n<div class='flex_column av-188xf0-e9704c172a92bfd2acab07169404c440 av_one_full  avia-builder-el-7  avia-builder-el-no-sibling  first flex_column_div avia-full-contain '     ><form action=\"https:\/\/www.chataremedy.cz\/?page_id=660\" method=\"post\"  class=\"avia_ajax_form av-form-labels-visible   avia-builder-el-8  avia-builder-el-no-sibling   \" data-avia-form-id=\"1\" data-avia-redirect='' ><fieldset><p class='  first_form  form_element form_element_half' id='element_avia_1_1'><label for=\"avia_1_1\">Jm\u00e9no <abbr class=\"required\" title=\"required\">*<\/abbr><\/label> <input name=\"avia_1_1\" class=\"text_input is_empty\" type=\"text\" id=\"avia_1_1\" value=\"\" \/><\/p><p class='  form_element form_element_half' id='element_avia_2_1'><label for=\"avia_2_1\">P\u0159\u00edjmen\u00ed <abbr class=\"required\" title=\"required\">*<\/abbr><\/label> <input name=\"avia_2_1\" class=\"text_input is_empty\" type=\"text\" id=\"avia_2_1\" value=\"\" \/><\/p><p class='  first_form  form_element form_element_half' id='element_avia_3_1'><label for=\"avia_3_1\">E-mail <abbr class=\"required\" title=\"required\">*<\/abbr><\/label> <input name=\"avia_3_1\" class=\"text_input is_empty\" type=\"text\" id=\"avia_3_1\" value=\"\" \/><\/p><p class='  form_element form_element_half' id='element_avia_4_1'><label for=\"avia_4_1\">Telefon <abbr class=\"required\" title=\"required\">*<\/abbr><\/label> <input name=\"avia_4_1\" class=\"text_input is_phone\" type=\"text\" id=\"avia_4_1\" value=\"\" \/><\/p><p class='  first_form  form_element form_fullwidth' id='element_avia_5_1'><label for=\"avia_5_1\">Sauna za p\u0159\u00edplatek dle <a href=\"https:\/\/www.chataremedy.cz\/?page_id=253#sauna\">cen\u00edku<\/a> <abbr class=\"required\" title=\"required\">*<\/abbr><\/label><select  name=\"avia_5_1\" class=\"select is_empty\" id=\"avia_5_1\"><option  value ='Ne'>Ne<\/option><option  value ='Ano'>Ano<\/option><\/select><\/p><p class='  first_form  form_element form_fullwidth' id='element_avia_6_1'><label for=\"avia_6_1\" class=\"textare_label hidden textare_label_avia_6_1\">Dotaz<\/label><textarea  name=\"avia_6_1\" class=\"text_area \" cols=\"40\" rows=\"7\" id=\"avia_6_1\" ><\/textarea><\/p><p class='  first_form  form_element form_element_half' id='element_avia_7_1'><label for=\"avia_7_1\">P\u0159\u00edjezd <abbr class=\"required\" title=\"required\">*<\/abbr><\/label> <input name=\"avia_7_1\" class=\"avia_datepicker text_input is_empty\" type=\"text\" id=\"avia_7_1\" value=\"\" placeholder=\"DD \/ MM \/ YY\" \/><\/p><p class='  form_element form_element_half' id='element_avia_8_1'><label for=\"avia_8_1\">Odjezd <abbr class=\"required\" title=\"required\">*<\/abbr><\/label> <input name=\"avia_8_1\" class=\"avia_datepicker text_input is_empty\" type=\"text\" id=\"avia_8_1\" value=\"\" placeholder=\"DD \/ MM \/ YY\" \/><\/p><p class='  first_form  form_element form_element_third' id='element_avia_9_1'><label for=\"avia_9_1\">\u010cas p\u0159\u00edjezdu <abbr class=\"required\" title=\"required\">*<\/abbr><\/label><select  name=\"avia_9_1\" class=\"select is_empty\" id=\"avia_9_1\"><option  value ='16:00'>16:00<\/option><option  value ='17:00'>17:00<\/option><option  value ='18:00'>18:00<\/option><option  value ='19:00'>19:00<\/option><option  value ='20:00'>20:00<\/option><option  value ='21:00'>21:00<\/option><\/select><\/p><p class='  form_element form_element_third' id='element_avia_10_1'><label for=\"avia_10_1\">Dosp\u011bl\u00fd <abbr class=\"required\" title=\"required\">*<\/abbr><\/label><select  name=\"avia_10_1\" class=\"select is_empty\" id=\"avia_10_1\"><option  value ='1'>1<\/option><option  value ='2'>2<\/option><option  value ='3'>3<\/option><option  value ='4'>4<\/option><option  value ='5'>5<\/option><option  value ='6'>6<\/option><option  value ='7'>7<\/option><option  value ='8'>8<\/option><\/select><\/p><p class='  form_element form_element_third' id='element_avia_11_1'><label for=\"avia_11_1\">D\u011bti <abbr class=\"required\" title=\"required\">*<\/abbr><\/label><select  name=\"avia_11_1\" class=\"select is_empty\" id=\"avia_11_1\"><option  value ='1'>1<\/option><option  value ='2'>2<\/option><option  value ='3'>3<\/option><option  value ='4'>4<\/option><option  value ='5'>5<\/option><option  value ='6'>6<\/option><option  value ='7'>7<\/option><option  value ='8'>8<\/option><\/select><\/p><p class='  first_form  form_element form_fullwidth' id='element_avia_12_1'><input  name=\"avia_12_1\" class=\"input_checkbox is_empty\" type=\"checkbox\" id=\"avia_12_1\" value=\"true\"\/><label class=\"input_checkbox_label\" for=\"avia_12_1\">Potvrzuji, \u017ee jsem se sezn\u00e1mil s Informac\u00ed o<a href=\"https:\/\/www.chataremedy.cz\/?page_id=899\"> zpracov\u00e1n\u00ed osobn\u00edch \u00fadaj\u016f (GDPR) a Smlouvou o ubytov\u00e1n\u00ed.<\/a> <abbr class=\"required\" title=\"required\">*<\/abbr><\/label><\/p><p class=\"hidden\"><input type=\"text\" name=\"avia_13_1\" class=\"hidden \" id=\"avia_13_1\" value=\"\" \/><\/p><div id='avia_14_1' class='av-recaptcha-area  first_form  form_element form_fullwidth '  data-container_class=\"\" data-custom_class=\"\" data-context=\"av_contact_form\" data-token_input=\"av_recaptcha_token\" data-version=\"avia_recaptcha_v3\" data-theme=\"light\" data-size=\"normal\" data-score=\"0.5\" data-text_to_preview=\"\" data-value=\"\"><div class=\"av-google-badge-message hidden\">This site is protected by reCAPTCHA and the Google <a href=\"https:\/\/policies.google.com\/privacy\">Privacy Policy<\/a> and <a href=\"https:\/\/policies.google.com\/terms\">Terms of Service<\/a> apply.<\/div><\/div><p class=\"form_element \"><input type=\"hidden\" value=\"1\" name=\"avia_generated_form1\" \/><input type=\"submit\" value=\"Rezervovat!\" class=\"button\"  data-sending-label=\"Sending\"\/><\/p><\/fieldset><div class=\"avia-disabled-form\">This contact form is deactivated because you refused to accept Google reCaptcha service which is necessary to validate any messages sent by the form.<\/div><\/form><div id=\"ajaxresponse_1\" class=\"ajaxresponse ajaxresponse_1 hidden\"><\/div><\/div>\n<\/div><\/div><\/div><div id='after_grid_row_1'  class='main_color av_default_container_wrap container_wrap sidebar_right'  ><div class='container av-section-cont-open' ><div class='template-page content  av-content-small alpha units'><div class='post-entry post-entry-type-page post-entry-660'><div class='entry-content-wrapper clearfix'><div class='flex_column av-alkmc-bd88e5ad432d14c8c3b9e588b0cc59b5 av_one_half  avia-builder-el-9  el_after_av_layout_row  avia-builder-el-no-sibling  first flex_column_div '     ><\/div><\/p>\n","protected":false},"excerpt":{"rendered":"","protected":false},"author":1,"featured_media":0,"parent":0,"menu_order":0,"comment_status":"closed","ping_status":"closed","template":"","meta":{"footnotes":""},"class_list":["post-660","page","type-page","status-publish","hentry"],"_links":{"self":[{"href":"https:\/\/www.chataremedy.cz\/index.php?rest_route=\/wp\/v2\/pages\/660","targetHints":{"allow":["GET"]}}],"collection":[{"href":"https:\/\/www.chataremedy.cz\/index.php?rest_route=\/wp\/v2\/pages"}],"about":[{"href":"https:\/\/www.chataremedy.cz\/index.php?rest_route=\/wp\/v2\/types\/page"}],"author":[{"embeddable":true,"href":"https:\/\/www.chataremedy.cz\/index.php?rest_route=\/wp\/v2\/users\/1"}],"replies":[{"embeddable":true,"href":"https:\/\/www.chataremedy.cz\/index.php?rest_route=%2Fwp%2Fv2%2Fcomments&post=660"}],"version-history":[{"count":41,"href":"https:\/\/www.chataremedy.cz\/index.php?rest_route=\/wp\/v2\/pages\/660\/revisions"}],"predecessor-version":[{"id":1067,"href":"https:\/\/www.chataremedy.cz\/index.php?rest_route=\/wp\/v2\/pages\/660\/revisions\/1067"}],"wp:attachment":[{"href":"https:\/\/www.chataremedy.cz\/index.php?rest_route=%2Fwp%2Fv2%2Fmedia&parent=660"}],"curies":[{"name":"wp","href":"https:\/\/api.w.org\/{rel}","templated":true}]}}