{"id":255,"date":"2016-05-23T10:30:24","date_gmt":"2016-05-23T10:30:24","guid":{"rendered":"http:\/\/test.kriesi.at\/enfold-health-coach\/?page_id=255"},"modified":"2023-09-23T12:44:11","modified_gmt":"2023-09-23T12:44:11","slug":"contact","status":"publish","type":"page","link":"https:\/\/www.chataremedy.cz\/?page_id=255","title":{"rendered":"Kontakt"},"content":{"rendered":"<div id='welcome'  class='av-layout-grid-container av-1k6t6n-b210e44fe622c09d4811ac6dce2a6ee0 entry-content-wrapper main_color av-fixed-cells  avia-builder-el-0  el_before_av_google_map  avia-builder-el-first   container_wrap sidebar_right'  >\n\n<style type=\"text\/css\" data-created_by=\"avia_inline_auto\" id=\"style-css-av-1eqgif-198fa4801211806580db853229a15a11\">\n.flex_cell.av-1eqgif-198fa4801211806580db853229a15a11{\nvertical-align:top;\nheight:15px;\nmin-height:15px;\npadding:0px 0px 0px 0px;\nbackground-color:#11202a;\n}\n<\/style>\n<div class='flex_cell av-1eqgif-198fa4801211806580db853229a15a11 av-gridrow-cell av_one_fourth no_margin  avia-builder-el-1  el_before_av_cell_one_fourth  avia-builder-el-first  av-zero-padding' ><div class='flex_cell_inner'><\/div><\/div>\n<style type=\"text\/css\" data-created_by=\"avia_inline_auto\" id=\"style-css-av-1alosv-45c51ec6463c8771a4fd45858057510d\">\n.flex_cell.av-1alosv-45c51ec6463c8771a4fd45858057510d{\nvertical-align:top;\nheight:15px;\nmin-height:15px;\npadding:0px 0px 0px 0px;\nbackground-color:#55606e;\n}\n<\/style>\n<div class='flex_cell av-1alosv-45c51ec6463c8771a4fd45858057510d av-gridrow-cell av_one_fourth no_margin  avia-builder-el-2  el_after_av_cell_one_fourth  el_before_av_cell_one_fourth  av-zero-padding' ><div class='flex_cell_inner'><\/div><\/div>\n<style type=\"text\/css\" data-created_by=\"avia_inline_auto\" id=\"style-css-av-15b6rz-695b0dd7a87d4c6c2fc0b039ade14bab\">\n.flex_cell.av-15b6rz-695b0dd7a87d4c6c2fc0b039ade14bab{\nvertical-align:top;\nheight:15px;\nmin-height:15px;\npadding:0px 0px 0px 0px;\nbackground-color:#889095;\n}\n<\/style>\n<div class='flex_cell av-15b6rz-695b0dd7a87d4c6c2fc0b039ade14bab av-gridrow-cell av_one_fourth no_margin  avia-builder-el-3  el_after_av_cell_one_fourth  el_before_av_cell_one_fourth  av-zero-padding' ><div class='flex_cell_inner'><\/div><\/div>\n<style type=\"text\/css\" data-created_by=\"avia_inline_auto\" id=\"style-css-av-v6l07-993a85c78b56869b556c0c0e58ed3d2a\">\n.flex_cell.av-v6l07-993a85c78b56869b556c0c0e58ed3d2a{\nvertical-align:top;\nheight:15px;\nmin-height:15px;\npadding:0px 0px 0px 0px;\nbackground-color:#a7abb1;\n}\n<\/style>\n<div class='flex_cell av-v6l07-993a85c78b56869b556c0c0e58ed3d2a av-gridrow-cell av_one_fourth no_margin  avia-builder-el-4  el_after_av_cell_one_fourth  avia-builder-el-last  av-zero-padding' ><div class='flex_cell_inner'><\/div><\/div>\n<\/div>\n<div  class='av_gmaps_sc_main_wrap av_gmaps_main_wrap '><div id='av_gmap_0' class='avia-google-map-container avia-google-map-sc av_gmaps_show_unconditionally av-no-fallback-img ' data-mapid='av_gmap_0'  style='height: 500px;'><a class=\"av_gmaps_browser_disabled av_text_confirm_link av_text_confirm_link_visible\" href=\"https:\/\/www.google.com\/maps\/search\/?api=1&#038;query=Kouty%20nad%20Desnou%20ev.\u010d.27%20788%2011%20Lou\u010dn\u00e1%20nad%20Desnou%20Czech%20Republic%20Kouty%20nad%20Desnou\" target=\"_blank\" rel=\"noopener\">Maps were disabled by the visitor on this site. Click to open the map in a new window.<\/a><\/div><\/div>\n<div id='hello'  class='av-layout-grid-container av-4cds9j-bf95fb2fc48e69987f9ed8b49cf472c9 entry-content-wrapper main_color av-flex-cells  avia-builder-el-6  el_after_av_google_map  el_before_av_layout_row  grid-row-not-first  container_wrap sidebar_right'  >\n\n<style type=\"text\/css\" data-created_by=\"avia_inline_auto\" id=\"style-css-av-4am7on-9ac0788efa918e9446287c04f2507b90\">\n.flex_cell.av-4am7on-9ac0788efa918e9446287c04f2507b90{\nvertical-align:top;\npadding:100px 100px 100px 100px;\n}\n<\/style>\n<div class='flex_cell av-4am7on-9ac0788efa918e9446287c04f2507b90 av-gridrow-cell av_two_fifth no_margin  avia-builder-el-7  el_before_av_cell_three_fifth  avia-builder-el-first ' ><div class='flex_cell_inner'><p>\n<style type=\"text\/css\" data-created_by=\"avia_inline_auto\" id=\"style-css-av-3zpbe7-1332889acb5fd6d9bbded7a3622b9771\">\n#top .av-special-heading.av-3zpbe7-1332889acb5fd6d9bbded7a3622b9771{\npadding-bottom:30px;\nfont-size:50px;\n}\nbody .av-special-heading.av-3zpbe7-1332889acb5fd6d9bbded7a3622b9771 .av-special-heading-tag .heading-char{\nfont-size:25px;\n}\n#top #wrap_all .av-special-heading.av-3zpbe7-1332889acb5fd6d9bbded7a3622b9771 .av-special-heading-tag{\nfont-size:50px;\n}\n.av-special-heading.av-3zpbe7-1332889acb5fd6d9bbded7a3622b9771 .av-subheading{\nfont-size:15px;\n}\n<\/style>\n<div  class='av-special-heading av-3zpbe7-1332889acb5fd6d9bbded7a3622b9771 av-special-heading-h1 blockquote modern-quote  avia-builder-el-8  el_before_av_textblock  avia-builder-el-first  av-inherit-size'><h1 class='av-special-heading-tag'  itemprop=\"headline\"  ><u>Kde n\u00e1s najdete<\/u><\/h1><div class=\"special-heading-border\"><div class=\"special-heading-inner-border\"><\/div><\/div><\/div><br \/>\n<section  class='av_textblock_section av-3x9ybz-c9f374e758632679f7cd8a15a1aa9192'  itemscope=\"itemscope\" itemtype=\"https:\/\/schema.org\/CreativeWork\" ><div class='avia_textblock'  itemprop=\"text\" ><p><strong>Chata Remedy<\/strong><br \/>\nKouty na Desnou ev.\u010d. 27<br \/>\n788 11 Lou\u010dn\u00e1 nad Desnou<br \/>\nGPS 50.1029355031,\u00a017.1284973913<\/p>\n<p>Telefon: +420 775 376 106<br \/>\nE-mail: info@chataremedy.cz<br \/>\n<strong>www.chataremedy.cz<\/strong><\/p>\n<p>Banka: MONETA Money Bank,\u00a0a.s<\/p>\n<p>\u010c\u00edslo \u00fa\u010dtu: <a class=\"blueNavWP\">259688625\/0600<\/a><\/p>\n<\/div><\/section><\/p>\n<\/div><\/div>\n<style type=\"text\/css\" data-created_by=\"avia_inline_auto\" id=\"style-css-av-3cgokf-bc16b15cc4fb7a8d318063e8a871fea1\">\n.flex_cell.av-3cgokf-bc16b15cc4fb7a8d318063e8a871fea1{\nvertical-align:top;\npadding:50px 50px 50px 50px;\nbackground-color:#11202a;\n}\n<\/style>\n<div class='flex_cell av-3cgokf-bc16b15cc4fb7a8d318063e8a871fea1 av-gridrow-cell av_three_fifth no_margin  avia-builder-el-10  el_after_av_cell_two_fifth  avia-builder-el-last  avia-full-stretch' ><div class='flex_cell_inner'>\n<style type=\"text\/css\" data-created_by=\"avia_inline_auto\" id=\"style-css-av-39q36n-6c97b6f9a9a3544bcfe711a9248cd886\">\n.flex_column.av-39q36n-6c97b6f9a9a3544bcfe711a9248cd886{\n-webkit-border-radius:0px 0px 0px 0px;\n-moz-border-radius:0px 0px 0px 0px;\nborder-radius:0px 0px 0px 0px;\npadding:50px 50px 50px 50px;\nbackground-color:#ffffff;\n}\n<\/style>\n<div class='flex_column av-39q36n-6c97b6f9a9a3544bcfe711a9248cd886 av_one_full  avia-builder-el-11  avia-builder-el-no-sibling  first flex_column_div avia-full-contain '     ><form action=\"https:\/\/www.chataremedy.cz\/?page_id=255\" method=\"post\"  class=\"avia_ajax_form av-form-labels-visible   avia-builder-el-12  avia-builder-el-no-sibling   \" data-avia-form-id=\"1\" data-avia-redirect='' ><fieldset><p class='  first_form  form_element form_element_half' id='element_avia_1_1'><label for=\"avia_1_1\">Jm\u00e9no <abbr class=\"required\" title=\"required\">*<\/abbr><\/label> <input name=\"avia_1_1\" class=\"text_input is_empty\" type=\"text\" id=\"avia_1_1\" value=\"\" \/><\/p><p class='  form_element form_element_half' id='element_avia_2_1'><label for=\"avia_2_1\">E-mail <abbr class=\"required\" title=\"required\">*<\/abbr><\/label> <input name=\"avia_2_1\" class=\"text_input is_email\" type=\"text\" id=\"avia_2_1\" value=\"\" \/><\/p><p class='  first_form  form_element form_fullwidth' id='element_avia_3_1'><label for=\"avia_3_1\">P\u0159edm\u011bt <abbr class=\"required\" title=\"required\">*<\/abbr><\/label> <input name=\"avia_3_1\" class=\"text_input is_empty\" type=\"text\" id=\"avia_3_1\" value=\"\" \/><\/p><p class='  first_form  form_element form_fullwidth' id='element_avia_4_1'><label for=\"avia_4_1\" class=\"textare_label hidden textare_label_avia_4_1\">Napi\u0161te, co V\u00e1s zaj\u00edm\u00e1 <abbr class=\"required\" title=\"required\">*<\/abbr><\/label><textarea  name=\"avia_4_1\" class=\"text_area is_empty\" cols=\"40\" rows=\"7\" id=\"avia_4_1\" ><\/textarea><\/p><p class='  first_form  form_element form_fullwidth' id='element_avia_5_1'><input  name=\"avia_5_1\" class=\"input_checkbox is_empty\" type=\"checkbox\" id=\"avia_5_1\" value=\"true\"\/><label class=\"input_checkbox_label\" for=\"avia_5_1\">Potvrzuji, \u017ee jsem se sezn\u00e1mil s Informac\u00ed o<a href=\"https:\/\/www.chataremedy.cz\/?page_id=899\"> zpracov\u00e1n\u00ed osobn\u00edch \u00fadaj\u016f (GDPR).<\/a> <abbr class=\"required\" title=\"required\">*<\/abbr><\/label><\/p><p class=\"hidden\"><input type=\"text\" name=\"avia_6_1\" class=\"hidden \" id=\"avia_6_1\" value=\"\" \/><\/p><div id='avia_7_1' class='av-recaptcha-area  first_form  form_element form_fullwidth '  data-container_class=\"\" data-custom_class=\"\" data-context=\"av_contact_form\" data-token_input=\"av_recaptcha_token\" data-version=\"avia_recaptcha_v3\" data-theme=\"light\" data-size=\"normal\" data-score=\"0.5\" data-text_to_preview=\"\" data-value=\"\"><div class=\"av-google-badge-message hidden\">This site is protected by reCAPTCHA and the Google <a href=\"https:\/\/policies.google.com\/privacy\">Privacy Policy<\/a> and <a href=\"https:\/\/policies.google.com\/terms\">Terms of Service<\/a> apply.<\/div><\/div><p class=\"form_element \"><input type=\"hidden\" value=\"1\" name=\"avia_generated_form1\" \/><input type=\"submit\" value=\"Odeslat\" class=\"button\"  data-sending-label=\"Sending\"\/><\/p><\/fieldset><div class=\"avia-disabled-form\">This contact form is deactivated because you refused to accept Google reCaptcha service which is necessary to validate any messages sent by the form.<\/div><\/form><div id=\"ajaxresponse_1\" class=\"ajaxresponse ajaxresponse_1 hidden\"><\/div><\/div>\n<\/div><\/div><\/div><div id='welcome'  class='av-layout-grid-container av-s2rjj-3a623a6dfc143d36741181d8151d18dd entry-content-wrapper main_color av-fixed-cells  avia-builder-el-13  el_after_av_layout_row  avia-builder-el-last  grid-row-not-first  container_wrap sidebar_right'  >\n\n<style type=\"text\/css\" data-created_by=\"avia_inline_auto\" id=\"style-css-av-l9bqod3o-4fb68f8b11b48e9f766c74362f45a73e\">\n.flex_cell.av-l9bqod3o-4fb68f8b11b48e9f766c74362f45a73e{\nvertical-align:top;\nheight:15px;\nmin-height:15px;\npadding:0px 0px 0px 0px;\nbackground-color:#11202a;\n}\n<\/style>\n<div class='flex_cell av-l9bqod3o-4fb68f8b11b48e9f766c74362f45a73e av-gridrow-cell av_one_fourth no_margin  avia-builder-el-14  el_before_av_cell_one_fourth  avia-builder-el-first  av-zero-padding' ><div class='flex_cell_inner'><\/div><\/div>\n<style type=\"text\/css\" data-created_by=\"avia_inline_auto\" id=\"style-css-av-nk3tz-53df4e8f487ca61302d084d4c70bf3e6\">\n.flex_cell.av-nk3tz-53df4e8f487ca61302d084d4c70bf3e6{\nvertical-align:top;\nheight:15px;\nmin-height:15px;\npadding:0px 0px 0px 0px;\nbackground-color:#55606e;\n}\n<\/style>\n<div class='flex_cell av-nk3tz-53df4e8f487ca61302d084d4c70bf3e6 av-gridrow-cell av_one_fourth no_margin  avia-builder-el-15  el_after_av_cell_one_fourth  el_before_av_cell_one_fourth  av-zero-padding' ><div class='flex_cell_inner'><\/div><\/div>\n<style type=\"text\/css\" data-created_by=\"avia_inline_auto\" id=\"style-css-av-hj2k7-dfcee4639fc6a9738e4f99754d3337a5\">\n.flex_cell.av-hj2k7-dfcee4639fc6a9738e4f99754d3337a5{\nvertical-align:top;\nheight:15px;\nmin-height:15px;\npadding:0px 0px 0px 0px;\nbackground-color:#889095;\n}\n<\/style>\n<div class='flex_cell av-hj2k7-dfcee4639fc6a9738e4f99754d3337a5 av-gridrow-cell av_one_fourth no_margin  avia-builder-el-16  el_after_av_cell_one_fourth  el_before_av_cell_one_fourth  av-zero-padding' ><div class='flex_cell_inner'><\/div><\/div>\n<style type=\"text\/css\" data-created_by=\"avia_inline_auto\" id=\"style-css-av-97whz-f6820a1dcee03c0b41fc6f2b834471f1\">\n.flex_cell.av-97whz-f6820a1dcee03c0b41fc6f2b834471f1{\nvertical-align:top;\nheight:15px;\nmin-height:15px;\npadding:0px 0px 0px 0px;\nbackground-color:#a7abb1;\n}\n<\/style>\n<div class='flex_cell av-97whz-f6820a1dcee03c0b41fc6f2b834471f1 av-gridrow-cell av_one_fourth no_margin  avia-builder-el-17  el_after_av_cell_one_fourth  avia-builder-el-last  av-zero-padding' ><div class='flex_cell_inner'><\/div><\/div>\n<\/div><\/p>\n","protected":false},"excerpt":{"rendered":"","protected":false},"author":1,"featured_media":0,"parent":0,"menu_order":0,"comment_status":"closed","ping_status":"closed","template":"","meta":{"footnotes":""},"class_list":["post-255","page","type-page","status-publish","hentry"],"_links":{"self":[{"href":"https:\/\/www.chataremedy.cz\/index.php?rest_route=\/wp\/v2\/pages\/255","targetHints":{"allow":["GET"]}}],"collection":[{"href":"https:\/\/www.chataremedy.cz\/index.php?rest_route=\/wp\/v2\/pages"}],"about":[{"href":"https:\/\/www.chataremedy.cz\/index.php?rest_route=\/wp\/v2\/types\/page"}],"author":[{"embeddable":true,"href":"https:\/\/www.chataremedy.cz\/index.php?rest_route=\/wp\/v2\/users\/1"}],"replies":[{"embeddable":true,"href":"https:\/\/www.chataremedy.cz\/index.php?rest_route=%2Fwp%2Fv2%2Fcomments&post=255"}],"version-history":[{"count":29,"href":"https:\/\/www.chataremedy.cz\/index.php?rest_route=\/wp\/v2\/pages\/255\/revisions"}],"predecessor-version":[{"id":1086,"href":"https:\/\/www.chataremedy.cz\/index.php?rest_route=\/wp\/v2\/pages\/255\/revisions\/1086"}],"wp:attachment":[{"href":"https:\/\/www.chataremedy.cz\/index.php?rest_route=%2Fwp%2Fv2%2Fmedia&parent=255"}],"curies":[{"name":"wp","href":"https:\/\/api.w.org\/{rel}","templated":true}]}}